{"id":4394,"date":"2018-09-29T13:10:50","date_gmt":"2018-09-29T13:10:50","guid":{"rendered":"https:\/\/piccolohotelgarda.it.graffitiweb.srl\/hotel\/"},"modified":"2022-01-25T11:16:20","modified_gmt":"2022-01-25T10:16:20","slug":"hotel","status":"publish","type":"page","link":"https:\/\/www.piccolohotelgarda.it\/de\/hotel\/","title":{"rendered":"Hotel"},"content":{"rendered":"<p>[vc_row full_width=&#8221;stretch_row&#8221; content_placement=&#8221;middle&#8221; css=&#8221;.vc_custom_1638540188849{background-color: #f8f8f8 !important;}&#8221;][vc_column width=&#8221;1\/2&#8243; el_class=&#8221;milenia-color&#8211;black&#8221;]<!--================ Section Heading ================-->\n<script>\n    (function($){\n        'use strict';\n\n        if(!$) return;\n\n        $(function(){\n            if(window.appear) {\n                appear({\n                    elements: function(){\n                        return document.querySelectorAll('#vc-milenia-section-heading-8f8496ee644a4882504e9e6ccbdea122-17753119261176104824');\n                    },\n                    appear: function(element) {\n                        var $el = $(element);\n                        $el.addClass('milenia-visible').addClass($el.data('animation'));\n                    },\n                    reappear: false,\n                    bounds: -200\n                });\n            }\n        });\n    })(window.jQuery);\n<\/script>\n<div id=\"vc-milenia-section-heading-8f8496ee644a4882504e9e6ccbdea122-17753119261176104824\" class=\"milenia-section-heading text-left vc_custom_1642585633609 milenia-visible\" data-animation=\"none\">\n    \n    <h2 class=\"milenia-section-title milenia-font--first-accented\" style=\"font-size: 36px;line-height: 43px;text-transform: none;font-style: normal;font-weight: 400;\">PICCOLO HOTEL<\/h2>\n\n    \n<\/div>\n<!--================ End of Section Heading ================-->\n[vc_custom_heading text=&#8221;WILLKOMMEN&#8221; font_container=&#8221;tag:div|font_size:18px|text_align:left|line_height:30px&#8221; google_fonts=&#8221;font_family:Open%20Sans%3A300%2C300italic%2Cregular%2Citalic%2C600%2C600italic%2C700%2C700italic%2C800%2C800italic|font_style:700%20bold%20regular%3A700%3Anormal&#8221; css=&#8221;.vc_custom_1642585641842{margin-bottom: 20px !important;}&#8221;][vc_column_text]<\/p>\n<div id=\"page-content-sn\">\n<div id=\"page-content-text\">Das Hotel liegt in historischen Zentrum von Garda. Eingef\u00fcgt in antike Geb\u00e4ude, direkt an der malerischen Piazza des Hafes.<\/div>\n<\/div>\n<div id=\"page-content-dx\">\n<div id=\"box-contenuto-mastercontent\" class=\"master-content-placeholder\">\n<form id=\"aspnetForm\" action=\"https:\/\/www.piccolohotelgarda.it\/de\/1\/2907\/willkommen.htm?ln=%2fde&amp;StructureID=1&amp;PathID=2907\" method=\"post\">\n<div><\/div>\n<p>Es umorgt sie die Familie Dorella ineinem Ambiente bekannt f\u00fcr Freundlichkeit und Ausgezeichneter, tradizioneller K\u00fcche. Die Spezialit\u00e4ten, Vorspeisen, Hauptgerichte wie Fische des See&#8217;s, Fleisch vom Grill, lohnen eine verkostung nat\u00fcrlich begleitet von Winen der besten Etiketten. In der sommersaison geniessen sie das Essen bei Live-music.<\/p>\n<p>F\u00fcr Hotelg\u00e4ste steht eine bewachte Parkgarage zur verf\u00fcgung. 500 mt vom Hotel entfernt, im \u00dcbernachtungspreis inbegriffen.<\/p>\n<\/form>\n<\/div>\n<\/div>\n<p>[\/vc_column_text][vc_empty_space]<!-- - - - - - - - - - - - - - Awards - - - - - - - - - - - - - - - - -->\n<script>\n    (function($){\n        'use strict';\n\n        if(!$) return;\n\n        $(function(){\n            if(window.appear) {\n                appear({\n                    elements: function(){\n                        return document.querySelectorAll('#vc-milenia-awards-9a393241e3077cea42313f135f10d971-1775311926722793482');\n                    },\n                    appear: function(element) {\n                        var $el = $(element);\n                        $el.addClass('milenia-visible').addClass($el.data('animation'));\n                    },\n                    reappear: false,\n                    bounds: -200\n                });\n            }\n        });\n    })(window.jQuery);\n<\/script>\n\n<div id=\"vc-milenia-awards-9a393241e3077cea42313f135f10d971-1775311926722793482\" class=\"milenia-awards milenia-visible\" data-animation=\"none\">\n    <div class=\"milenia-grid milenia-grid--cols-4\">\n        <!-- - - - - - - - - - - - - - Award - - - - - - - - - - - - - - - - -->\n<div class=\"milenia-grid-item\">\n    <figure class=\"milenia-award\">\n        <a href=\"https:\/\/www.tripadvisor.it\/Restaurant_Review-g194771-d3403219-Reviews-Ristorante_Piccolo_Hotel-Garda_Province_of_Verona_Veneto.html\"  target=\"_blank\" title=\"tripadvisor\" class=\"milenia-ln--independent\">\n            <img loading=\"lazy\" decoding=\"async\" width=\"146\" height=\"143\" src=\"https:\/\/www.piccolohotelgarda.it\/wp-content\/uploads\/2018\/10\/tripadvisor2021.jpg\" class=\"attachment-thumbnail size-thumbnail\" alt=\"\" \/>\n        <\/a>\n    <\/figure>\n<\/div>\n<!-- - - - - - - - - - - - - - End of Award - - - - - - - - - - - - - - - - -->\n\n    <\/div>\n<\/div>\n<!-- - - - - - - - - - - - - - End of Awards - - - - - - - - - - - - - - - - -->\n[\/vc_column][vc_column width=&#8221;1\/2&#8243;][vc_single_image image=&#8221;4520&#8243; img_size=&#8221;full&#8221;][\/vc_column][\/vc_row][vc_row][vc_column][vc_column_text]<\/p>\n<div class=\"rbs_shortcode\"><style type=\"text\/css\" scoped>.rbs_gallery_69d11c369cf4fSpinner{\r\n\t\t\t\tmargin: 50px auto;\r\n\t\t\t\twidth: 50px;\r\n\t\t\t\theight: 40px;\r\n\t\t\t\ttext-align: center;\r\n\t\t\t\tfont-size: 10px;\r\n\t\t\t}\r\n\t\t\t.rbs_gallery_69d11c369cf4fSpinner > div{\r\n\t\t\t  background-color: #333;\r\n\t\t\t  height: 100%;\r\n\t\t\t  width: 6px;\r\n\t\t\t  display: inline-block;\r\n\t\t\t  -webkit-animation: rbs_gallery_69d11c369cf4f-stretchdelay 1.2s infinite ease-in-out;\r\n\t\t\t  animation: rbs_gallery_69d11c369cf4f-stretchdelay 1.2s infinite ease-in-out;\r\n\t\t\t}\r\n\t\t\t.rbs_gallery_69d11c369cf4fSpinner .rbs_gallery_69d11c369cf4fRect2 {\r\n\t\t\t  -webkit-animation-delay: -1.1s;\r\n\t\t\t  animation-delay: -1.1s;\r\n\t\t\t}\r\n\t\t\t.rbs_gallery_69d11c369cf4fSpinner .rbs_gallery_69d11c369cf4fRect3 {\r\n\t\t\t  -webkit-animation-delay: -1.0s;\r\n\t\t\t  animation-delay: -1.0s;\r\n\t\t\t}\r\n\t\t\t.rbs_gallery_69d11c369cf4fSpinner .rbs_gallery_69d11c369cf4fRect4 {\r\n\t\t\t  -webkit-animation-delay: -0.9s;\r\n\t\t\t  animation-delay: -0.9s;\r\n\t\t\t}\r\n\t\t\t.rbs_gallery_69d11c369cf4fSpinner .rbs_gallery_69d11c369cf4fRect5 {\r\n\t\t\t  -webkit-animation-delay: -0.8s;\r\n\t\t\t  animation-delay: -0.8s;\r\n\t\t\t}\r\n\t\t\t@-webkit-keyframes rbs_gallery_69d11c369cf4f-stretchdelay {\r\n\t\t\t  0%, 40%, 100% { -webkit-transform: scaleY(0.4) }  \r\n\t\t\t  20% { -webkit-transform: scaleY(1.0) }\r\n\t\t\t}\r\n\t\t\t@keyframes rbs_gallery_69d11c369cf4f-stretchdelay {\r\n\t\t\t  0%, 40%, 100% { \r\n\t\t\t    transform: scaleY(0.4);\r\n\t\t\t    -webkit-transform: scaleY(0.4);\r\n\t\t\t  }  20% { \r\n\t\t\t    transform: scaleY(1.0);\r\n\t\t\t    -webkit-transform: scaleY(1.0);\r\n\t\t\t  }\r\n\t\t\t}\r\n\t\t<\/style><div class=\"robo-gallery-wrap robo-gallery-wrap-id3400 robo-gallery-masonry\" ><div id=\"rbs_gallery_69d11c369cf4f-block-loader\" class=\"rbs_gallery_69d11c369cf4fSpinner\"><div class=\"rbs_gallery_69d11c369cf4fRect1\"><\/div> <div class=\"rbs_gallery_69d11c369cf4fRect2\"><\/div> <div class=\"rbs_gallery_69d11c369cf4fRect3\"><\/div> <div class=\"rbs_gallery_69d11c369cf4fRect4\"><\/div> <div class=\"rbs_gallery_69d11c369cf4fRect5\"><\/div><\/div><div id=\"robo_gallery_main_block_rbs_gallery_69d11c369cf4f\" class=\"robogallery-gallery-3400\" style=\"width:100%;  display: none;\"><div id=\"rbs_gallery_69d11c369cf4f\" data-options=\"rbs_gallery_69d11c369cf4f\" style=\"width:100%;\" class=\"robo_gallery  \"><div class=\"rbs-img  category3400 \" ><div class=\"rbs-img-image   rbs-lightbox \" ><div class=\"rbs-img-thumbs\"  data-thumbnail=\"https:\/\/www.piccolohotelgarda.it\/wp-content\/uploads\/2018\/11\/Camera-Standard-1.jpg\"  title=\"Camera Standard\"  data-width=\"1600\"  data-height=\"918\" ><\/div><div class=\"rbs-img-data-popup\"  data-popup=\"https:\/\/www.piccolohotelgarda.it\/wp-content\/uploads\/2018\/11\/Camera-Standard-1.jpg\"  title=\"Camera Standard\" ><\/div><div class=\"thumbnail-overlay\"><div class=\"rbsTitle \">Camera Standard<\/div><div class=\"rbsIcons\"><i class=\"fa fa-plus rbsZoomIcon \" ><\/i><\/div><\/div><\/div><\/div><div class=\"rbs-img  category3400 \" ><div class=\"rbs-img-image   rbs-lightbox \" ><div class=\"rbs-img-thumbs\"  data-thumbnail=\"https:\/\/www.piccolohotelgarda.it\/wp-content\/uploads\/2018\/10\/PiccoloHotel_Garda_PanoramaGarda_02-685x1024.jpg\"  title=\"PiccoloHotel_Garda_PanoramaGarda_02\"  data-width=\"685\"  data-height=\"1024\" ><\/div><div class=\"rbs-img-data-popup\"  data-popup=\"https:\/\/www.piccolohotelgarda.it\/wp-content\/uploads\/2018\/10\/PiccoloHotel_Garda_PanoramaGarda_02-scaled.jpg\"  title=\"PiccoloHotel_Garda_PanoramaGarda_02\" ><\/div><div class=\"thumbnail-overlay\"><div class=\"rbsTitle \">PiccoloHotel_Garda_PanoramaGarda_02<\/div><div class=\"rbsIcons\"><i class=\"fa fa-plus rbsZoomIcon \" ><\/i><\/div><\/div><\/div><\/div><div class=\"rbs-img  category3400 \" ><div class=\"rbs-img-image   rbs-lightbox \" ><div class=\"rbs-img-thumbs\"  data-thumbnail=\"https:\/\/www.piccolohotelgarda.it\/wp-content\/uploads\/2018\/10\/PiccoloHotel_Garda_PanoramaGarda_03-scaled.jpg\"  title=\"PiccoloHotel_Garda_PanoramaGarda_03\"  data-width=\"1714\"  data-height=\"2560\" ><\/div><div class=\"rbs-img-data-popup\"  data-popup=\"https:\/\/www.piccolohotelgarda.it\/wp-content\/uploads\/2018\/10\/PiccoloHotel_Garda_PanoramaGarda_03-scaled.jpg\"  title=\"PiccoloHotel_Garda_PanoramaGarda_03\" ><\/div><div class=\"thumbnail-overlay\"><div class=\"rbsTitle \">PiccoloHotel_Garda_PanoramaGarda_03<\/div><div class=\"rbsIcons\"><i class=\"fa fa-plus rbsZoomIcon \" ><\/i><\/div><\/div><\/div><\/div><div class=\"rbs-img  category3400 \" ><div class=\"rbs-img-image   rbs-lightbox \" ><div class=\"rbs-img-thumbs\"  data-thumbnail=\"https:\/\/www.piccolohotelgarda.it\/wp-content\/uploads\/2018\/10\/Camera-Superior-3.png\"  title=\"Camera Superior 3\"  data-width=\"1621\"  data-height=\"1080\" ><\/div><div class=\"rbs-img-data-popup\"  data-popup=\"https:\/\/www.piccolohotelgarda.it\/wp-content\/uploads\/2018\/10\/Camera-Superior-3.png\"  title=\"Camera Superior 3\" ><\/div><div class=\"thumbnail-overlay\"><div class=\"rbsTitle \">Camera Superior 3<\/div><div class=\"rbsIcons\"><i class=\"fa fa-plus rbsZoomIcon \" ><\/i><\/div><\/div><\/div><\/div><div class=\"rbs-img  category3400 \" ><div class=\"rbs-img-image   rbs-lightbox \" ><div class=\"rbs-img-thumbs\"  data-thumbnail=\"https:\/\/www.piccolohotelgarda.it\/wp-content\/uploads\/2018\/10\/piccoloHotel_Garda_PanoramaGarda-scaled-e1638440668938.jpg\"  title=\"piccoloHotel_Garda_PanoramaGarda\"  data-width=\"2560\"  data-height=\"1043\" ><\/div><div class=\"rbs-img-data-popup\"  data-popup=\"https:\/\/www.piccolohotelgarda.it\/wp-content\/uploads\/2018\/10\/piccoloHotel_Garda_PanoramaGarda-scaled-e1638440668938.jpg\"  title=\"piccoloHotel_Garda_PanoramaGarda\" ><\/div><div class=\"thumbnail-overlay\"><div class=\"rbsTitle \">piccoloHotel_Garda_PanoramaGarda<\/div><div class=\"rbsIcons\"><i class=\"fa fa-plus rbsZoomIcon \" ><\/i><\/div><\/div><\/div><\/div><\/div><\/div><\/div><script>var rbs_gallery_69d11c369cf4f = {\"version\":\"5.1.4\",\"id\":3400,\"class\":\"id3400\",\"roboGalleryDelay\":1000,\"mainContainer\":\"#robo_gallery_main_block_rbs_gallery_69d11c369cf4f\",\"loadingContainer\":\"#rbs_gallery_69d11c369cf4f-block-loader\",\"loadingContainerObj\":\"rbs_gallery_69d11c369cf4f-block-loader\",\"columnWidth\":\"auto\",\"columns\":3,\"resolutions\":[{\"columnWidth\":\"auto\",\"columns\":3,\"maxWidth\":960},{\"columnWidth\":\"auto\",\"columns\":2,\"maxWidth\":650},{\"columnWidth\":\"auto\",\"columns\":1,\"maxWidth\":450}],\"lightboxOptions\":{\"gallery\":{\"enabled\":true,\"tCounter\":\"%curr% of %total%\"}},\"overlayEffect\":\"direction-aware-fade\",\"boxesToLoadStart\":12,\"boxesToLoad\":8,\"waitUntilThumbLoads\":1,\"LoadingWord\":\"Loading...\",\"loadMoreWord\":\"Load More\",\"noMoreEntriesWord\":\"No More Entries\",\"horizontalSpaceBetweenBoxes\":15,\"verticalSpaceBetweenBoxes\":15,\"lazyLoad\":1,\"wrapContainer\":\"#robo-gallery-wrap-rbs_gallery_69d11c369cf4f\"};<\/script><\/div>\n<p>[\/vc_column_text][\/vc_column][\/vc_row]<\/p>\n","protected":false},"excerpt":{"rendered":"<p>[vc_row full_width=&#8221;stretch_row&#8221; content_placement=&#8221;middle&#8221; css=&#8221;.vc_custom_1638540188849{background-color: #f8f8f8 !important;}&#8221;][vc_column width=&#8221;1\/2&#8243; el_class=&#8221;milenia-color&#8211;black&#8221;][vc_custom_heading text=&#8221;WILLKOMMEN&#8221; font_container=&#8221;tag:div|font_size:18px|text_align:left|line_height:30px&#8221; google_fonts=&#8221;font_family:Open%20Sans%3A300%2C300italic%2Cregular%2Citalic%2C600%2C600italic%2C700%2C700italic%2C800%2C800italic|font_style:700%20bold%20regular%3A700%3Anormal&#8221; css=&#8221;.vc_custom_1642585641842{margin-bottom: 20px !important;}&#8221;][vc_column_text] Das Hotel liegt in&#8230;<\/p>\n","protected":false},"author":1,"featured_media":0,"parent":0,"menu_order":0,"comment_status":"closed","ping_status":"closed","template":"","meta":{"footnotes":""},"class_list":["post-4394","page","type-page","status-publish","hentry"],"yoast_head":"<!-- This site is optimized with the Yoast SEO plugin v27.2 - https:\/\/yoast.com\/product\/yoast-seo-wordpress\/ -->\n<title>Hotel - Piccolo Hotel Garda<\/title>\n<meta name=\"robots\" content=\"index, follow, max-snippet:-1, max-image-preview:large, max-video-preview:-1\" \/>\n<link rel=\"canonical\" href=\"https:\/\/www.piccolohotelgarda.it\/de\/hotel\/\" \/>\n<meta property=\"og:locale\" content=\"de_DE\" \/>\n<meta property=\"og:type\" content=\"article\" \/>\n<meta property=\"og:title\" content=\"Hotel - Piccolo Hotel Garda\" \/>\n<meta property=\"og:description\" content=\"[vc_row full_width=&#8221;stretch_row&#8221; content_placement=&#8221;middle&#8221; css=&#8221;.vc_custom_1638540188849{background-color: #f8f8f8 !important;}&#8221;][vc_column width=&#8221;1\/2&#8243; el_class=&#8221;milenia-color&#8211;black&#8221;][vc_custom_heading text=&#8221;WILLKOMMEN&#8221; font_container=&#8221;tag:div|font_size:18px|text_align:left|line_height:30px&#8221; google_fonts=&#8221;font_family:Open%20Sans%3A300%2C300italic%2Cregular%2Citalic%2C600%2C600italic%2C700%2C700italic%2C800%2C800italic|font_style:700%20bold%20regular%3A700%3Anormal&#8221; css=&#8221;.vc_custom_1642585641842{margin-bottom: 20px !important;}&#8221;][vc_column_text] Das Hotel liegt in...\" \/>\n<meta property=\"og:url\" content=\"https:\/\/www.piccolohotelgarda.it\/de\/hotel\/\" \/>\n<meta property=\"og:site_name\" content=\"Piccolo Hotel Garda\" \/>\n<meta property=\"article:modified_time\" content=\"2022-01-25T10:16:20+00:00\" \/>\n<meta name=\"twitter:card\" content=\"summary_large_image\" \/>\n<meta name=\"twitter:label1\" content=\"Gesch\u00e4tzte Lesezeit\" \/>\n\t<meta name=\"twitter:data1\" content=\"1\u00a0Minute\" \/>\n<script type=\"application\/ld+json\" class=\"yoast-schema-graph\">{\"@context\":\"https:\/\/schema.org\",\"@graph\":[{\"@type\":\"WebPage\",\"@id\":\"https:\/\/www.piccolohotelgarda.it\/de\/hotel\/\",\"url\":\"https:\/\/www.piccolohotelgarda.it\/de\/hotel\/\",\"name\":\"Hotel - Piccolo Hotel Garda\",\"isPartOf\":{\"@id\":\"https:\/\/www.piccolohotelgarda.it\/#website\"},\"datePublished\":\"2018-09-29T13:10:50+00:00\",\"dateModified\":\"2022-01-25T10:16:20+00:00\",\"breadcrumb\":{\"@id\":\"https:\/\/www.piccolohotelgarda.it\/de\/hotel\/#breadcrumb\"},\"inLanguage\":\"de\",\"potentialAction\":[{\"@type\":\"ReadAction\",\"target\":[\"https:\/\/www.piccolohotelgarda.it\/de\/hotel\/\"]}]},{\"@type\":\"BreadcrumbList\",\"@id\":\"https:\/\/www.piccolohotelgarda.it\/de\/hotel\/#breadcrumb\",\"itemListElement\":[{\"@type\":\"ListItem\",\"position\":1,\"name\":\"Home\",\"item\":\"https:\/\/www.piccolohotelgarda.it\/de\/\"},{\"@type\":\"ListItem\",\"position\":2,\"name\":\"Hotel\"}]},{\"@type\":\"WebSite\",\"@id\":\"https:\/\/www.piccolohotelgarda.it\/#website\",\"url\":\"https:\/\/www.piccolohotelgarda.it\/\",\"name\":\"Piccolo Hotel Garda\",\"description\":\"VACANZE, RELAX E BUONA CUCINA SUL GARDA\",\"potentialAction\":[{\"@type\":\"SearchAction\",\"target\":{\"@type\":\"EntryPoint\",\"urlTemplate\":\"https:\/\/www.piccolohotelgarda.it\/?s={search_term_string}\"},\"query-input\":{\"@type\":\"PropertyValueSpecification\",\"valueRequired\":true,\"valueName\":\"search_term_string\"}}],\"inLanguage\":\"de\"}]}<\/script>\n<!-- \/ Yoast SEO plugin. -->","yoast_head_json":{"title":"Hotel - Piccolo Hotel Garda","robots":{"index":"index","follow":"follow","max-snippet":"max-snippet:-1","max-image-preview":"max-image-preview:large","max-video-preview":"max-video-preview:-1"},"canonical":"https:\/\/www.piccolohotelgarda.it\/de\/hotel\/","og_locale":"de_DE","og_type":"article","og_title":"Hotel - Piccolo Hotel Garda","og_description":"[vc_row full_width=&#8221;stretch_row&#8221; content_placement=&#8221;middle&#8221; css=&#8221;.vc_custom_1638540188849{background-color: #f8f8f8 !important;}&#8221;][vc_column width=&#8221;1\/2&#8243; el_class=&#8221;milenia-color&#8211;black&#8221;][vc_custom_heading text=&#8221;WILLKOMMEN&#8221; font_container=&#8221;tag:div|font_size:18px|text_align:left|line_height:30px&#8221; google_fonts=&#8221;font_family:Open%20Sans%3A300%2C300italic%2Cregular%2Citalic%2C600%2C600italic%2C700%2C700italic%2C800%2C800italic|font_style:700%20bold%20regular%3A700%3Anormal&#8221; css=&#8221;.vc_custom_1642585641842{margin-bottom: 20px !important;}&#8221;][vc_column_text] Das Hotel liegt in...","og_url":"https:\/\/www.piccolohotelgarda.it\/de\/hotel\/","og_site_name":"Piccolo Hotel Garda","article_modified_time":"2022-01-25T10:16:20+00:00","twitter_card":"summary_large_image","twitter_misc":{"Gesch\u00e4tzte Lesezeit":"1\u00a0Minute"},"schema":{"@context":"https:\/\/schema.org","@graph":[{"@type":"WebPage","@id":"https:\/\/www.piccolohotelgarda.it\/de\/hotel\/","url":"https:\/\/www.piccolohotelgarda.it\/de\/hotel\/","name":"Hotel - Piccolo Hotel Garda","isPartOf":{"@id":"https:\/\/www.piccolohotelgarda.it\/#website"},"datePublished":"2018-09-29T13:10:50+00:00","dateModified":"2022-01-25T10:16:20+00:00","breadcrumb":{"@id":"https:\/\/www.piccolohotelgarda.it\/de\/hotel\/#breadcrumb"},"inLanguage":"de","potentialAction":[{"@type":"ReadAction","target":["https:\/\/www.piccolohotelgarda.it\/de\/hotel\/"]}]},{"@type":"BreadcrumbList","@id":"https:\/\/www.piccolohotelgarda.it\/de\/hotel\/#breadcrumb","itemListElement":[{"@type":"ListItem","position":1,"name":"Home","item":"https:\/\/www.piccolohotelgarda.it\/de\/"},{"@type":"ListItem","position":2,"name":"Hotel"}]},{"@type":"WebSite","@id":"https:\/\/www.piccolohotelgarda.it\/#website","url":"https:\/\/www.piccolohotelgarda.it\/","name":"Piccolo Hotel Garda","description":"VACANZE, RELAX E BUONA CUCINA SUL GARDA","potentialAction":[{"@type":"SearchAction","target":{"@type":"EntryPoint","urlTemplate":"https:\/\/www.piccolohotelgarda.it\/?s={search_term_string}"},"query-input":{"@type":"PropertyValueSpecification","valueRequired":true,"valueName":"search_term_string"}}],"inLanguage":"de"}]}},"_links":{"self":[{"href":"https:\/\/www.piccolohotelgarda.it\/de\/wp-json\/wp\/v2\/pages\/4394","targetHints":{"allow":["GET"]}}],"collection":[{"href":"https:\/\/www.piccolohotelgarda.it\/de\/wp-json\/wp\/v2\/pages"}],"about":[{"href":"https:\/\/www.piccolohotelgarda.it\/de\/wp-json\/wp\/v2\/types\/page"}],"author":[{"embeddable":true,"href":"https:\/\/www.piccolohotelgarda.it\/de\/wp-json\/wp\/v2\/users\/1"}],"replies":[{"embeddable":true,"href":"https:\/\/www.piccolohotelgarda.it\/de\/wp-json\/wp\/v2\/comments?post=4394"}],"version-history":[{"count":12,"href":"https:\/\/www.piccolohotelgarda.it\/de\/wp-json\/wp\/v2\/pages\/4394\/revisions"}],"predecessor-version":[{"id":4547,"href":"https:\/\/www.piccolohotelgarda.it\/de\/wp-json\/wp\/v2\/pages\/4394\/revisions\/4547"}],"wp:attachment":[{"href":"https:\/\/www.piccolohotelgarda.it\/de\/wp-json\/wp\/v2\/media?parent=4394"}],"curies":[{"name":"wp","href":"https:\/\/api.w.org\/{rel}","templated":true}]}}